{"id":179,"date":"2023-08-27T20:24:16","date_gmt":"2023-08-27T20:24:16","guid":{"rendered":"http:\/\/tiliatrio.cz\/?page_id=179"},"modified":"2023-09-15T19:09:27","modified_gmt":"2023-09-15T19:09:27","slug":"program","status":"publish","type":"page","link":"https:\/\/tiliatrio.cz\/en\/program\/","title":{"rendered":"Programs"},"content":{"rendered":"<h2 class=\"wp-block-heading\">Ave Maria<\/h2>\n\n\n\n<details class=\"wp-block-details\"><summary>Henry Purcell: Rondeau<\/summary>\n<p>(2 min.)<\/p>\n<\/details>\n\n\n\n<div style=\"height:10px\" aria-hidden=\"true\" class=\"wp-block-spacer\"><\/div>\n\n\n\n<details class=\"wp-block-details\"><summary>Johann Sebastian Bach: Air<\/summary>\n<p><em>from Suite No. 3 in D major, BWV 1068<\/em><br>(4 min.)<\/p>\n<\/details>\n\n\n\n<div style=\"height:10px\" aria-hidden=\"true\" class=\"wp-block-spacer\"><\/div>\n\n\n\n<details class=\"wp-block-details\"><summary>Antonio Vivaldi: Trio Sonata in D minor, RV 63 &#8218;La Follia&#8216;<\/summary>\n<p class=\"has-text-align-left\"><em>selection of variations<\/em><br>(7 min.)<\/p>\n<\/details>\n\n\n\n<div style=\"height:10px\" aria-hidden=\"true\" class=\"wp-block-spacer\"><\/div>\n\n\n\n<details class=\"wp-block-details\"><summary>Charles Gounod: Ave Maria<\/summary>\n<p>(3 min.)<\/p>\n<\/details>\n\n\n\n<div style=\"height:10px\" aria-hidden=\"true\" class=\"wp-block-spacer\"><\/div>\n\n\n\n<details class=\"wp-block-details\"><summary>Anton\u00edn Dvo\u0159\u00e1k: Drobnosti, Op. 75a  <\/summary>\n<p><em>I Cavatina &#8211; II Capriccio &#8211; III Romance  &#8211; IV Elegie<\/em><br>(14 min.)<\/p>\n<\/details>\n\n\n\n<div style=\"height:10px\" aria-hidden=\"true\" class=\"wp-block-spacer\"><\/div>\n\n\n\n<details class=\"wp-block-details\"><summary>Johann Sebastian Bach: Goldberg-Variationen<\/summary>\n<p><em>Aria, v\u00fdb\u011br variac\u00ed<\/em><br>(10 min.)<\/p>\n<\/details>\n\n\n\n<div style=\"height:10px\" aria-hidden=\"true\" class=\"wp-block-spacer\"><\/div>\n\n\n\n<details class=\"wp-block-details\"><summary>Franz Schubert: Ave Maria<\/summary>\n<p>(3 min.)<\/p>\n<\/details>\n\n\n\n<div style=\"height:10px\" aria-hidden=\"true\" class=\"wp-block-spacer\"><\/div>\n\n\n\n<details class=\"wp-block-details\"><summary>Johann Sebastian Bach: Badinerie<\/summary>\n<p><em>from Suite No. 2 in B minor, BWV 1067<\/em><br>(2 min.)<\/p>\n<\/details>\n\n\n\n<div style=\"height:30px\" aria-hidden=\"true\" class=\"wp-block-spacer\"><\/div>\n\n\n\n<hr class=\"wp-block-separator has-alpha-channel-opacity is-style-wide\"\/>\n\n\n\n<h2 class=\"wp-block-heading\">SaxTime: od fugy k funku<\/h2>\n\n\n\n<details class=\"wp-block-details\"><summary>Jean-Philippe RAMEAU: Les Sauvages<\/summary>\n<p><em>z baletn\u00ed opery Les Indes galantes<\/em><br>(3 min.)<\/p>\n<\/details>\n\n\n\n<div style=\"height:10px\" aria-hidden=\"true\" class=\"wp-block-spacer\"><\/div>\n\n\n\n<details class=\"wp-block-details\"><summary>Anton\u00edn Dvo\u0159\u00e1k: Drobnosti, Op. 75a<\/summary>\n<p><em>I Cavatina &#8211; II Capriccio &#8211; III Romance<\/em><br>(10 min.)<\/p>\n<\/details>\n\n\n\n<div style=\"height:11px\" aria-hidden=\"true\" class=\"wp-block-spacer\"><\/div>\n\n\n\n<details class=\"wp-block-details\"><summary>David Salleras: Caprice No. 4<\/summary>\n<p>(3 min.)<\/p>\n<\/details>\n\n\n\n<details class=\"wp-block-details\"><summary>Darius Milhaud: Suite d\u2019apr\u00e8s Corrette, Op. 161b<\/summary>\n<p><em>I. Entr\u00e9e et Rondeau &#8211; II. Tambourin &#8211; III. Musette &#8211; IV. S\u00e9r\u00e9nade &#8211; V. Fanfare &#8211; VI. Rondeau<\/em> &#8211; <em>VII. Menuets &#8211; VIII. Le Coucou<\/em><br>(12 min.)<\/p>\n<\/details>\n\n\n\n<div style=\"height:10px\" aria-hidden=\"true\" class=\"wp-block-spacer\"><\/div>\n\n\n\n<div style=\"height:10px\" aria-hidden=\"true\" class=\"wp-block-spacer\"><\/div>\n\n\n\n<p class=\"has-text-align-left\">&#8212;&#8212; p\u0159est\u00e1vka &#8212;&#8212;<\/p>\n\n\n\n<div style=\"height:10px\" aria-hidden=\"true\" class=\"wp-block-spacer\"><\/div>\n\n\n\n<details class=\"wp-block-details\"><summary>Johann Sebastian Bach: Sonata VI, BWV 530<\/summary>\n<p><em><em>Vivace &#8211; Lento &#8211; Allegro<\/em><\/em><br>(10 min.)<\/p>\n<\/details>\n\n\n\n<div style=\"height:11px\" aria-hidden=\"true\" class=\"wp-block-spacer\"><\/div>\n\n\n\n<details class=\"wp-block-details\"><summary>Chris Evan Hass: Luminous Sky<\/summary>\n<p>(4 min.)<\/p>\n<\/details>\n\n\n\n<div style=\"height:11px\" aria-hidden=\"true\" class=\"wp-block-spacer\"><\/div>\n\n\n\n<details class=\"wp-block-details\"><summary>Luk\u00e1\u0161 Hurn\u00edk: Trio diminutivo<\/summary>\n<p><em>1. Reggae &#8211; 2. Canzonetta &#8211; 3. Funk &#8211; 4. Duettino &#8211; 5. Gigue<\/em><br>(11 min.)<\/p>\n<\/details>\n\n\n\n<div style=\"height:10px\" aria-hidden=\"true\" class=\"wp-block-spacer\"><\/div>\n\n\n\n<details class=\"wp-block-details\"><summary>Astor Piazzolla: Bordel 1900<\/summary>\n<p>(3 min.)<\/p>\n<\/details>\n\n\n\n<div style=\"height:51px\" aria-hidden=\"true\" class=\"wp-block-spacer\"><\/div>\n\n\n\n<hr class=\"wp-block-separator has-alpha-channel-opacity is-style-wide\"\/>\n\n\n\n<h2 class=\"wp-block-heading\">Youth concert<\/h2>\n\n\n\n<details class=\"wp-block-details\"><summary>Johann Sebastian Bach: Goldberg-Variationen<\/summary>\n<p>Variace 10 &#8211; Fughetta<\/p>\n<\/details>\n\n\n\n<details class=\"wp-block-details\"><summary>Giovanni Dettori: Lady Gaga Fugue<\/summary>\n<p><\/p>\n<\/details>\n\n\n\n<details class=\"wp-block-details\"><summary>Josep Castanyer Alonso: Barbie Girl Fugue<\/summary>\n<p><\/p>\n<\/details>\n\n\n\n<details class=\"wp-block-details\"><summary>Astor Piazzolla: Bordel 1900<\/summary>\n<p><\/p>\n<\/details>\n\n\n\n<details class=\"wp-block-details\"><summary>Tetris Mini-Suite<\/summary>\n<p><\/p>\n<\/details>\n\n\n\n<details class=\"wp-block-details\"><summary>Johann Sebastian Bach: Badinerie<\/summary>\n<p><\/p>\n<\/details>\n\n\n\n<details class=\"wp-block-details\"><summary>Darius Milhaud: Suite d\u2019apr\u00e8s Corrette, Op. 161b<\/summary>\n<p><em>Entr\u00e9e et Rondeau &#8211; Tambourin &#8211; Fanfare &#8211; Rondeau<\/em> <em>&#8211; Le Coucou<\/em><\/p>\n<\/details>\n\n\n\n<details class=\"wp-block-details\"><summary>Barry Cockcroft: Black &amp; Blue<\/summary>\n<p><\/p>\n<\/details>\n\n\n\n<p><\/p>","protected":false},"excerpt":{"rendered":"<p>Ave Maria SaxTime: od fugy k funku &#8212;&#8212; p\u0159est\u00e1vka &#8212;&#8212; Koncert pro mlad\u00e9 poslucha\u010de<\/p>","protected":false},"author":1,"featured_media":0,"parent":0,"menu_order":0,"comment_status":"closed","ping_status":"closed","template":"","meta":{"footnotes":""},"_links":{"self":[{"href":"https:\/\/tiliatrio.cz\/en\/wp-json\/wp\/v2\/pages\/179"}],"collection":[{"href":"https:\/\/tiliatrio.cz\/en\/wp-json\/wp\/v2\/pages"}],"about":[{"href":"https:\/\/tiliatrio.cz\/en\/wp-json\/wp\/v2\/types\/page"}],"author":[{"embeddable":true,"href":"https:\/\/tiliatrio.cz\/en\/wp-json\/wp\/v2\/users\/1"}],"replies":[{"embeddable":true,"href":"https:\/\/tiliatrio.cz\/en\/wp-json\/wp\/v2\/comments?post=179"}],"version-history":[{"count":35,"href":"https:\/\/tiliatrio.cz\/en\/wp-json\/wp\/v2\/pages\/179\/revisions"}],"predecessor-version":[{"id":280,"href":"https:\/\/tiliatrio.cz\/en\/wp-json\/wp\/v2\/pages\/179\/revisions\/280"}],"wp:attachment":[{"href":"https:\/\/tiliatrio.cz\/en\/wp-json\/wp\/v2\/media?parent=179"}],"curies":[{"name":"wp","href":"https:\/\/api.w.org\/{rel}","templated":true}]}}